{"id":71,"date":"2024-09-10T17:01:53","date_gmt":"2024-09-10T14:01:53","guid":{"rendered":"http:\/\/www.eos.ee\/?page_id=71"},"modified":"2026-01-27T19:53:11","modified_gmt":"2026-01-27T17:53:11","slug":"nooremliikmed","status":"publish","type":"page","link":"https:\/\/www.eos.ee\/?page_id=71","title":{"rendered":"Noorliikmed"},"content":{"rendered":"\n<figure class=\"wp-block-table\"><table><tbody><tr><td><\/td><td><\/td><td><\/td><td><\/td><\/tr><tr><td><\/td><td><strong>Nimi<\/strong><\/td><td><strong>T\u00f6\u00f6koht<\/strong><\/td><td><strong>Aadress t\u00f6\u00f6l<\/strong><\/td><\/tr><tr><td>1.<\/td><td>Ess, Ann-Marii<\/td><td>AS Ida-Tallinna Keskhaigla Silmakliinik<\/td><td>Ravi 18, 10138 Tallinn<\/td><\/tr><tr><td>2.<\/td><td>Kallaste, Tiina<\/td><td>SA T\u00dc Kliinikumi Silmakliinik<\/td><td>L.Puusepa 8,&nbsp;51014 Tartu<\/td><\/tr><tr><td>3.<\/td><td>Lattik, Kaija-Liis<\/td><td>AS Ida-Tallinna Keskhaigla Silmakliinik<\/td><td>Ravi 18, 10138 Tallinn<\/td><\/tr><tr><td>4.<\/td><td>Lees, Loviisa<\/td><td>AS Ida-Tallinna Keskhaigla Silmakliinik<\/td><td>Ravi 18, 10138 Tallinn<\/td><\/tr><tr><td>5.<\/td><td>Joab, Ann-Marii<\/td><td>AS Ida-Tallinna Keskhaigla Silmakliinik<\/td><td>Ravi 18, 10138 Tallinn<\/td><\/tr><tr><td>6.<\/td><td>Palumaa, Teele<\/td><td>AS Ida-Tallinna Keskhaigla Silmakliinik<\/td><td>Ravi 18, 10138 Tallinn<\/td><\/tr><tr><td>7.<\/td><td>Parkassevit\u0161, Elina<\/td><td>AS Ida-Tallinna Keskhaigla Silmakliinik<\/td><td>Ravi 18, 10138 Tallinn<\/td><\/tr><tr><td>8.<\/td><td>Aus,Raimond<\/td><td>AS Ida-Tallinna Keskhaigla Silmakliinik<\/td><td>Ravi 18, 10138 Tallinn<\/td><\/tr><tr><td>9.<\/td><td>Saan, Kristin<\/td><td>SA T\u00dc Kliinikumi Silmakliinik<\/td><td>L.Puusepa 8,&nbsp;51014 Tartu<\/td><\/tr><tr><td>10.<\/td><td>S\u00f5mera,Martin Toomas<\/td><td>AS Ida-Tallinna Keskhaigla Silmakliinik<\/td><td>Ravi 18, 10138 Tallinn<\/td><\/tr><tr><td>11.<\/td><td>Teesalu, Andri<\/td><td>AS Ida-Tallinna Keskhaigla Silmakliinik<\/td><td>Ravi 18, 10138 Tallinn<\/td><\/tr><tr><td>12.<\/td><td>\u00dclper-Detot\u0161enko,Karina<\/td><td>AS Ida-Tallinna Keskhaigla Silmakliinik<\/td><td>Ravi 18, 10138 Tallinn<\/td><\/tr><tr><td>13.<\/td><td>Kaljula, Kadrian <\/td><td>SA T\u00dc Kliinikumi Silmakliinik<\/td><td>L.Puusepa 8,\u00a051014 Tartu<\/td><\/tr><\/tbody><\/table><\/figure>\n\n\n\n<p>14. K\u00e4\u00e4mer, Anne Riina                SA T\u00dc Kliinikumi Silmakliinik.        L.Puusepa 8,\u00a051014 Tartu<\/p>\n\n\n\n<p>15. Kuhi,Katri                          SA T\u00dc Kliinikumi Silmakliinik         L.Puusepa 8,\u00a051014 Tartu<\/p>\n\n\n\n<p>16. Sai, Daiana       AS Ida-Tallinna Keskhaigla Silmakliinik.             Ravi 18, 10138 Tallinn<\/p>\n\n\n\n<p>17. Kuber, Sten.       AS Ida-Tallinna Keskhaigla Silmakliinik.          Ravi 18, 10138 Tallinn<\/p>\n\n\n\n<p>18. Kuld, Elvira      AS Ida-Tallinna Keskhaigla Silmakliinik.            Ravi 18, 10138 Tallinn<\/p>\n\n\n\n<p>19. Rubin, Christian Isaac   SA T\u00dc Kliinikumi Silmakliinik              L.Puusepa 8,\u00a051014 Tartu<\/p>\n","protected":false},"excerpt":{"rendered":"<p>Nimi T\u00f6\u00f6koht Aadress t\u00f6\u00f6l 1. Ess, Ann-Marii AS Ida-Tallinna Keskhaigla Silmakliinik Ravi 18, 10138 Tallinn 2. Kallaste, Tiina SA T\u00dc Kliinikumi Silmakliinik L.Puusepa 8,&nbsp;51014 Tartu 3. Lattik, Kaija-Liis AS Ida-Tallinna Keskhaigla Silmakliinik Ravi 18, 10138 Tallinn 4. Lees, Loviisa AS &hellip; <a href=\"https:\/\/www.eos.ee\/?page_id=71\">Continue reading <span class=\"meta-nav\">&rarr;<\/span><\/a><\/p>\n","protected":false},"author":1,"featured_media":0,"parent":15,"menu_order":2,"comment_status":"closed","ping_status":"closed","template":"sidebar-page.php","meta":{"footnotes":""},"class_list":["post-71","page","type-page","status-publish","hentry"],"_links":{"self":[{"href":"https:\/\/www.eos.ee\/index.php?rest_route=\/wp\/v2\/pages\/71","targetHints":{"allow":["GET"]}}],"collection":[{"href":"https:\/\/www.eos.ee\/index.php?rest_route=\/wp\/v2\/pages"}],"about":[{"href":"https:\/\/www.eos.ee\/index.php?rest_route=\/wp\/v2\/types\/page"}],"author":[{"embeddable":true,"href":"https:\/\/www.eos.ee\/index.php?rest_route=\/wp\/v2\/users\/1"}],"replies":[{"embeddable":true,"href":"https:\/\/www.eos.ee\/index.php?rest_route=%2Fwp%2Fv2%2Fcomments&post=71"}],"version-history":[{"count":5,"href":"https:\/\/www.eos.ee\/index.php?rest_route=\/wp\/v2\/pages\/71\/revisions"}],"predecessor-version":[{"id":2279,"href":"https:\/\/www.eos.ee\/index.php?rest_route=\/wp\/v2\/pages\/71\/revisions\/2279"}],"up":[{"embeddable":true,"href":"https:\/\/www.eos.ee\/index.php?rest_route=\/wp\/v2\/pages\/15"}],"wp:attachment":[{"href":"https:\/\/www.eos.ee\/index.php?rest_route=%2Fwp%2Fv2%2Fmedia&parent=71"}],"curies":[{"name":"wp","href":"https:\/\/api.w.org\/{rel}","templated":true}]}}