{"id":69,"date":"2024-09-10T17:07:05","date_gmt":"2024-09-10T14:07:05","guid":{"rendered":"http:\/\/www.eos.ee\/?page_id=69"},"modified":"2026-01-27T19:46:04","modified_gmt":"2026-01-27T17:46:04","slug":"taisliikmed","status":"publish","type":"page","link":"https:\/\/www.eos.ee\/?page_id=69","title":{"rendered":"Liikmed"},"content":{"rendered":"\n<p><\/p>\n\n\n\n<figure class=\"wp-block-table\"><table><tbody><tr><td>&nbsp;<\/td><td><strong>Nimi<\/strong><\/td><td><strong>T\u00f6\u00f6koht<\/strong><\/td><td><strong>Aadress t\u00f6\u00f6l<\/strong><\/td><\/tr><tr><td>1.<\/td><td>Akkel, Reet<\/td><td>Pensionil<\/td><td><\/td><\/tr><tr><td>2.<\/td><td>Alasi, Karin<\/td><td>Qualitas Arstikeskus<\/td><td>Riia 2, Tartu<\/td><\/tr><tr><td>3.<\/td><td>Alev, Vilve<\/td><td>Pensionil<\/td><td><\/td><\/tr><tr><td>4.<\/td><td>Belova, Svetlana<\/td><td>AS Ida-Tallinna Keskhaigla Silmakliinik<\/td><td>Ravi 18,&nbsp;10138 Tallinn<\/td><\/tr><tr><td>5.<\/td><td>Beloussova, Galina<\/td><td>O\u00dc Silmake<\/td><td>Lagle pst.1,&nbsp;11315 Tallinn<\/td><\/tr><tr><td>6.<\/td><td>Brenner, Tatjana<\/td><td>Instrumentarium Optika<\/td><td>Tartu<\/td><\/tr><tr><td>7.<\/td><td>Detot\u0161enko, Aleksei<\/td><td>&nbsp;Estmedica <\/td><td>&nbsp;<\/td><\/tr><tr><td>8.<\/td><td>Dmitrijeva, Tatjana<\/td><td>Kivi\u00f5li Haigla<\/td><td>Keskpst.36,&nbsp;43125 Ida-Virumaa<\/td><\/tr><tr><td>9.<\/td><td>Dobr\u00f5dnjova, Olga<\/td><td>&nbsp;Rootsi<\/td><td><\/td><\/tr><tr><td>10.<\/td><td>Dontsis, Emilia<\/td><td>LTKH Mustam\u00e4e polikliinik<\/td><td>Ehitajate tee 27, 12612 Tallinn<\/td><\/tr><tr><td>11.<\/td><td>Dzaparidze, Liidia<\/td><td>Lasnam\u00e4e Tervisekeskus<\/td><td>Punane 61,&nbsp;13626 Tallinn<\/td><\/tr><tr><td>12.<\/td><td>Eerme, Katrin<\/td><td>AS Ida-Tallinna Keskhaigla Silmakliinik<\/td><td>Ravi 18,&nbsp;10138 Tallinn<\/td><\/tr><tr><td>13.<\/td><td>Ehandi, Ljuba<\/td><td>Pensionil<\/td><td><\/td><\/tr><tr><td>14.<\/td><td>Feldman, Natalja<\/td><td>SA Ida-Viru Keskhaigla<\/td><td>Tervise 1, 31025 Kohtla-J\u00e4rve<\/td><\/tr><tr><td>15.<\/td><td><\/td><td><\/td><td><\/td><\/tr><tr><td>16.<\/td><td>Gorjatseva, Ludmilla<\/td><td>Piiri Eriarstiabi O\u00dc<\/td><td>Raatuse 77, Tartu<\/td><\/tr><tr><td>17.<\/td><td>Harak,Kristel <\/td><td>AS Ida-Tallinna Keskhaigla Silmakliinik<\/td><td>Ravi 18,&nbsp;10138 Tallinn<\/td><\/tr><tr><td>18.<\/td><td>Hannus, Katrin<\/td><td>AS Ida-Tallinna Keskhaigla Silmakliinik<\/td><td>Ravi 18,&nbsp;10138 Tallinn<\/td><\/tr><tr><td>19.<\/td><td>Heinloo, K\u00fcllike<\/td><td>AS Lupree Eagle Vision<\/td><td>R\u00fc\u00fctli 39,&nbsp;80011 P\u00e4rnu<\/td><\/tr><tr><td>20.<\/td><td>Heinmaa, Ingrid<\/td><td>O\u00dc Dr Kai Noor Silmakabinet<\/td><td>Katusepapi 6, 11412 Tallinn<\/td><\/tr><tr><td>21.<\/td><td>Igalaan, Tuuli<\/td><td>Soome<\/td><td><\/td><\/tr><tr><td>22.<\/td><td>Iofik, Elvira<\/td><td>Pensionil<\/td><td>&nbsp;<\/td><\/tr><tr><td>23.<\/td><td>Ivanov, Juri<\/td><td>AS Ida-Tallinna Keskhaigla Silmakliinik<\/td><td>Ravi 18,&nbsp;10138 Tallinn<\/td><\/tr><tr><td>24.<\/td><td>Jakobson, Mikk<\/td><td>SA P\u00e4rnu Haigla Kirurgiakliiniku silmaosakond<\/td><td>Ristiku 1,&nbsp;&nbsp;80010 P\u00e4rnu<\/td><\/tr><tr><td>25<\/td><td>Jask, Juta<\/td><td>Pensionil<\/td><td>&nbsp;<\/td><\/tr><tr><td>26.<\/td><td>Jugaste, Tiia<\/td><td>AS Ida-Tallinna Keskhaigla Silmakliinik<\/td><td>Ravi 18,&nbsp;&nbsp;10138 Tallinn<\/td><\/tr><tr><td>27.<\/td><td>J\u00e4nes, Silvi<\/td><td>Pensionil<\/td><td>&nbsp;<\/td><\/tr><tr><td>28.<\/td><td>J\u00f5udna, Pille-Riin<\/td><td>SA T\u00dc Kliinikumi Silmakliinik<\/td><td>L.Puusepa 8,&nbsp;51014 Tartu<\/td><\/tr><tr><td>29.<\/td><td>J\u00fcrgens, Janika<\/td><td>AS Ida-Tallinna Keskhaigla Silmakliinik<\/td><td>Ravi 18,&nbsp;10138 Tallinn<\/td><\/tr><tr><td>30.<\/td><td>J\u00fcri, Piret<\/td><td>SA T\u00dc Kliinikumi Lastekliinik<\/td><td>Oru tn. 3,&nbsp;51014 Tartu<\/td><\/tr><tr><td>31.<\/td><td>Kaasik, Kaie<\/td><td>SA T\u00dc Kliinikumi Silmakliinik<\/td><td>L.Puusepa 8,&nbsp;51014 Tartu<\/td><\/tr><tr><td>32.<\/td><td>Kahusk, Anneli<\/td><td>SA P\u00e4rnu Haigla Kirurgiakliiniku silmaosakond<\/td><td>Ristiku 1,&nbsp;&nbsp;80010 P\u00e4rnu<\/td><\/tr><tr><td>33.<\/td><td>Kala, Liina<\/td><td>SA T\u00dc Kliinikumi Silmakliinik<\/td><td>L.Puusepa 8,&nbsp;51014 Tartu<\/td><\/tr><tr><td>34.<\/td><td>Kala, Kristina<\/td><td>AS Ida-Tallinna Keskhaigla Silmakliinik<\/td><td>Ravi 18, 10138 Tallinn<\/td><\/tr><tr><td>35.<\/td><td>Kaljurand, Kuldar<\/td><td>SA T\u00dc Kliinikumi Silmakliinik<\/td><td>L.Puusepa 8,&nbsp;51014 Tartu<\/td><\/tr><tr><td>36.<\/td><td>Kase, Anne<\/td><td>Cilia O\u00dc<\/td><td>Lasteaia 12, Rapla<\/td><\/tr><tr><td>37.<\/td><td>Kazak, Olga<\/td><td>SA Ida-Viru Keskhaigla<\/td><td>Ravi 10,&nbsp;Kohtla-J\u00e4rve<\/td><\/tr><tr><td>38.<\/td><td>Kell, \u00dclle<\/td><td>Tiina Toometi Kliinik<\/td><td>S\u00f5le 3,&nbsp;10614 Tallinn<\/td><\/tr><tr><td>39.<\/td><td>Keller, Triin<\/td><td>SA P\u00e4rnu Haigla Kirurgiakliiniku silmaosakond<\/td><td>Ristiku 1,&nbsp;&nbsp;80010 P\u00e4rnu<\/td><\/tr><tr><td>40.<\/td><td>Kirsim\u00e4e, Maarja<\/td><td>ReFocus Silmakeskus<\/td><td>Kreutzwaldi 3,10120 Tallinn<\/td><\/tr><tr><td>41.<\/td><td>Kissel, Georgi<\/td><td>O\u00dc Kissel Ravi<\/td><td>Narva V\u00f5idu 5-4 Narva<\/td><\/tr><tr><td>42.<\/td><td>Klett, Artur<\/td><td>AS Ida-Tallinna Keskhaigla Silmakliinik<\/td><td>Ravi 18,&nbsp;10138 Tallinn<\/td><\/tr><tr><td>43.<\/td><td>Koka, K\u00fclle<\/td><td>Tartu Linna Polikliinik<\/td><td>Gildi 8,&nbsp;51007 Tartu<\/td><\/tr><tr><td>44.<\/td><td>Kree, Aleks<\/td><td>SA T\u00dc Kliinikumi Silmakliinik<\/td><td>L.Puusepa 8,&nbsp;51014 Tartu<\/td><\/tr><tr><td>45.<\/td><td>Kree,Kaarel<\/td><td>SA T\u00dc Kliinikumi Silmakliinik<\/td><td>L.Puusepa 8,&nbsp;51014 Tartu<\/td><\/tr><tr><td>46.<\/td><td>Krumgolts, Julia<\/td><td>SA Ida-Viru Keskhaigla<\/td><td>Ravi 10,&nbsp;Kohtla-J\u00e4rve<\/td><\/tr><tr><td>47.<\/td><td>Kuddu, T\u00f5nu<\/td><td>N\u00f5mme Silmakeskus<\/td><td>Rahu 2 a,&nbsp;&nbsp;11619 Tallinn<\/td><\/tr><tr><td>48.<\/td><td>Kurg, Tiina<\/td><td>Eraarst Tiina Kurg<\/td><td>Tuleviku 1-39,&nbsp;44310 Rakvere<\/td><\/tr><tr><td>49.<\/td><td>Kuta\u0161evits, Olga            <\/td><td>S\u00fctiste silmakeskus<\/td><td>S\u00fctiste tee 17<\/td><\/tr><tr><td>50.<\/td><td>Kuznetsova, Ludmila<\/td><td>Pensionil<\/td><td><\/td><\/tr><tr><td>51.<\/td><td>Kull,Anne<\/td><td>SA T\u00dc Kliinikumi Silmakliinik<\/td><td>L.Puusepa 8,&nbsp;51014 Tartu<\/td><\/tr><tr><td>52.<\/td><td>Kuus, Imbi<\/td><td>SA T\u00dc Kliinikumi Silmakliinik<\/td><td>L.Puusepa 8,&nbsp;51014 Tartu<\/td><\/tr><tr><td>53.<\/td><td>K\u00f5dar, Marko<\/td><td>Soomes &#8211; liikmelisus peatatud 1.1.25<\/td><td><\/td><\/tr><tr><td>54.<\/td><td>K\u00fclama, Andres<\/td><td>SA T\u00dc Kliinikumi Silmakliinik<\/td><td>L.Puusepa 8,&nbsp;51014 Tartu<\/td><\/tr><tr><td>55.<\/td><td>Laanem\u00e4e, Ene<\/td><td>J\u00e4rvamaa Haigla Polikliinik<\/td><td>Tiigi 8,&nbsp;72714 Paide<\/td><\/tr><tr><td>56.<\/td><td>Lainj\u00e4rv, Karin<\/td><td>Soome<\/td><td>&nbsp;<\/td><\/tr><tr><td>57.<\/td><td>Latina, Natalia<\/td><td>Soome <\/td><td><\/td><\/tr><tr><td>58.<\/td><td>Latt, Mare<\/td><td>N\u00f5mme Silmakeskus<\/td><td>Rahu 2 a,&nbsp;&nbsp;11619 Tallinn<\/td><\/tr><tr><td>59.<\/td><td>Lepik, Elle<\/td><td>Silmaarst Elle Lepik O\u00dc<\/td><td>Pikk tn. 11, P\u00e4rnu<\/td><\/tr><tr><td>60.<\/td><td>Levin, Mark<\/td><td>Tallinna N\u00f5mme Haigla Polikliinik liikmestaatus peatatud,&nbsp; 2009, 2010<\/td><td>Jaama 11,&nbsp;&nbsp;11615 Tallinn<\/td><\/tr><tr><td>61.<\/td><td>Levin, Mari<\/td><td>AS Ida-Tallinna Keskhaigla Silmakliinik<\/td><td>Ravi 18,&nbsp;10138 Tallinn<\/td><\/tr><tr><td>62.<\/td><td>Lillepea, Kai<\/td><td>AS Ida-Tallinna Keskhaigla Silmakliinik<\/td><td>Ravi 18,&nbsp;10138 Tallinn<\/td><\/tr><tr><td>63.<\/td><td>Lillsaar, Laura<\/td><td>Jalonar O\u00dc<\/td><td>Keskv\u00e4ljak 10, Paide linn, J\u00e4rva maakond,<\/td><\/tr><tr><td>64.<\/td><td>Linntam, Delis<\/td><td>AS Ida-Tallinna Keskhaigla Silmakliinik<\/td><td>Ravi 18, 10138 Tallinn<\/td><\/tr><tr><td>65.<\/td><td>Lints, Heiki<\/td><td>Oxxo Optikatarvete O\u00dc<\/td><td>K\u00e4nnu 72, Tallinn 13418<\/td><\/tr><tr><td>66.<\/td><td>Lobanovskaja, Natalja<\/td><td>SA Ida-Viru Keskhaigla<\/td><td>Tervise 1, 31025 Kohtla-J\u00e4rve<\/td><\/tr><tr><td>67.<\/td><td>Maaten, Urve<\/td><td>Viljandi Tervisekeskus<\/td><td>Turu 8\/10,&nbsp;&nbsp;&nbsp;&nbsp;&nbsp;&nbsp;&nbsp;&nbsp;&nbsp;&nbsp; 71003 Viljandi<\/td><\/tr><tr><td>68.<\/td><td>Madissoon, Aili<\/td><td>O\u00dc Dr Kai Noor Silmakabinet<\/td><td>Katusepapi 6, 11412 Tallinn<\/td><\/tr><tr><td>69.<\/td><td>Makarovskaja, Marina<\/td><td>SA Ida-Viru Keskhaigla<\/td><td>Tervise 1, 31025 Kohtla-J\u00e4rve<\/td><\/tr><tr><td>70.<\/td><td>Holomejeva, Natalja<\/td><td>AS L\u00e4\u00e4ne-Tallinna Keskhaigla<\/td><td>Paldiski mnt. 68, 10617 Tallinn<\/td><\/tr><tr><td>71.<\/td><td>Malva, Maria<\/td><td>O\u00dc Laservisioon<\/td><td>Ahtri 6A,10151 Tallinn<\/td><\/tr><tr><td>72.<\/td><td>Matson, Anne-Liis<\/td><td>Viljandi Haigla<\/td><td><\/td><\/tr><tr><td>73.<\/td><td>Matteus, Dagmar<\/td><td>Pensionil<\/td><td><\/td><\/tr><tr><td>74.<\/td><td>Mauring, Laura<\/td><td>SA T\u00dc Kliinikumi Silmakliinik<\/td><td>L.Puusepa 8,&nbsp;51014 Tartu<\/td><\/tr><tr><td>75.<\/td><td>Mauring, Tiina<\/td><td>SA T\u00dc Kliinikumi Silmakliinik<\/td><td>L.Puusepa 8,&nbsp;51014 Tartu<\/td><\/tr><tr><td>76.<\/td><td>Meesak, Riina<\/td><td>SA T\u00dc Kliinikumi Lastekliinik<\/td><td>Lunini 6, 51014, Tartu<\/td><\/tr><tr><td>77.<\/td><td>Meren, Merike<\/td><td>Silmaarst Krista Turman O\u00dc<\/td><td>J\u00e4rve 2, Tallinn 11314<\/td><\/tr><tr><td>78.<\/td><td>Metsallik, Elena<\/td><td>AS LTKH Mustam\u00e4e Polikliinik<\/td><td>Ehitajate tee 27, 13517 Tallinn<\/td><\/tr><tr><td>79.<\/td><td>Mohhovaja, Inna<\/td><td>Pensionil<\/td><td><\/td><\/tr><tr><td>80.<\/td><td>Treisalt,Janett <\/td><td>SA T\u00dc Kliinikumi Silmakliinik<\/td><td>L.Puusepa 8,\u00a051014 Tartu<\/td><\/tr><tr><td>81.<\/td><td>M\u00e4gi, \u00dclle<\/td><td>AS Valga Haigla<\/td><td>Peetri 2,&nbsp;68204 Valgamaa<\/td><\/tr><tr><td>82.<\/td><td>M\u00e4nniste, Aliis<\/td><td>SA P\u00e4rnu Haigla Kirurgiakliiniku silmaosakond<\/td><td>Ristiku 1,&nbsp; 80010 P\u00e4rnu<\/td><\/tr><tr><td>83.<\/td><td>M\u00f6lder, Harras<\/td><td>O\u00dc Laservisioon<\/td><td>Ahtri 6A,10151 Tallinn<\/td><\/tr><tr><td>84.<\/td><td>M\u00fcrr, Diana<\/td><td>Helsinki \u00dclikooli Kliinikum<\/td><td>Haartmaninkatu 4C, Helsinki, Soome<\/td><\/tr><tr><td>85.<\/td><td>Neier, Aili<\/td><td>N\u00f5mme Silmakeskus<\/td><td>Rahu t\u00e4nav 2 a, 11619Tallinn<\/td><\/tr><tr><td>86.<\/td><td>Nikolajenko, Valentina<\/td><td>Tallinna N\u00f5mme Haigla Polikliinik<\/td><td>Jaama 11,&nbsp;11615 Tallinn<\/td><\/tr><tr><td>87.<\/td><td>Nipadistova, Aleksandra<\/td><td>Silmaarst Krista Turman O\u00dc<\/td><td>J\u00e4rve 2, Tallinn 11314<\/td><\/tr><tr><td>88.<\/td><td>Nipadistov, Jevgeni<\/td><td>AS Ida-Tallinna Keskhaigla Silmakliinik<\/td><td>Ravi 18, 10138 Tallinn<\/td><\/tr><tr><td>89.<\/td><td>N\u00f5upuu, Kalev<\/td><td>SA T\u00dc Kliinikumi Silmakliinik<\/td><td>L.Puusepa 8,&nbsp;51014 Tartu<\/td><\/tr><tr><td>90.<\/td><td>Noor, Kai<\/td><td>O\u00dc Dr Kai Noor Silmakabinet<\/td><td>Katusepapi 6, Tallinn<\/td><\/tr><tr><td>91.<\/td><td>Ojasalu, Aivi<\/td><td>N\u00f5mme Silmakeskus<\/td><td>Rahu t\u00e4nav 2 a, 11619Tallinn<\/td><\/tr><tr><td>92.<\/td><td>Oll, Maris<\/td><td>ITK Silmakliinik<\/td><td>Ravi 18, Tallinn<\/td><\/tr><tr><td>93.<\/td><td>Orav, Milvi<\/td><td>Pension\u00e4r<\/td><td><\/td><\/tr><tr><td>94.<\/td><td>Ots, Reet<\/td><td>N\u00f5mme Silmakeskus<\/td><td>Rahu 2a, 11619 Tallinn<\/td><\/tr><tr><td>95.<\/td><td>Paavo, Maarjaliis<\/td><td>Helsingi \u00dclikooli Haigla<\/td><td>&nbsp;<\/td><\/tr><tr><td>96.<\/td><td>Pakosta, Tiina<\/td><td>O\u00dc Laservisioon<\/td><td>Ahtri 6a,&nbsp;10151 Tallinn<\/td><\/tr><tr><td>97.<\/td><td>Palumaa, Kadi<\/td><td>AS Ida-Tallinna Keskhaigla Silmakliinik<\/td><td>Ravi 18,&nbsp;10138 Tallinn<\/td><\/tr><tr><td>98.<\/td><td>Palumaa, Tiina<\/td><td>N\u00f5mme Silmakeskus<\/td><td>Rahu 2a, 11619 Tallinn<\/td><\/tr><tr><td>99.<\/td><td>Pent,Joonas <\/td><td>AS Ida-Tallinna Keskhaigla Silmakliinik<\/td><td>Ravi 18,&nbsp;10138 Tallinn<\/td><\/tr><tr><td>100.<\/td><td>Parksepp, Mari<\/td><td>SA T\u00dc Kliinikumi Silmakliinik<\/td><td>L.Puusepa 8,&nbsp;51014 Tartu<\/td><\/tr><tr><td>101.<\/td><td>Parmann, Rait<\/td><td>Krista Turman Silmakabinetid<\/td><td><\/td><\/tr><tr><td>102.<\/td><td>Pastak, Marko<\/td><td>SA T\u00dc Kliinikumi Silmakliinik<\/td><td>L.Puusepa 8,&nbsp;51014 Tartu<\/td><\/tr><tr><td>103.<\/td><td>Pauklin, Kaja<\/td><td>Piiri Eriarstiabi O\u00dc<\/td><td>Piiri 4,&nbsp;48307 J\u00f5geva<\/td><\/tr><tr><td>104.<\/td><td>Pauklin, Mikk<\/td><td>SA T\u00dc Kliinikumi Silmakliinik<\/td><td>L.Puusepa 8,&nbsp;51014 Tartu<\/td><\/tr><tr><td>105.<\/td><td>Pent,Joonas<\/td><td>AS Ida-Tallinna Keskhaigla Silmakliinik<\/td><td>Ravi 18,&nbsp;10138 Tallinn<\/td><\/tr><tr><td>107.<\/td><td>Peterson, Irina<\/td><td>Lasnam\u00e4e Tervisekeskus<\/td><td>Punane 61,&nbsp;&nbsp;13626 Tallinn<\/td><\/tr><tr><td>108.<\/td><td>Petraudze, Mari<\/td><td>SA T\u00dc Kliinikumi Silmakliinik<\/td><td>L.Puusepa 8,&nbsp;51014 Tartu<\/td><\/tr><tr><td>109.<\/td><td>Petrova, Tatjana<\/td><td>AS Ida-Tallinna Keskhaigla Silmakliinik<\/td><td>Ravi 18,&nbsp;10138 Tallinn<\/td><\/tr><tr><td>110.<\/td><td>Piik, Merle<\/td><td>Pensionil<\/td><td><\/td><\/tr><tr><td>111.<\/td><td>Pulges, Kristel<\/td><td>AS Ida-Tallinna Keskhaigla Silmakliinik<\/td><td>Ravi 18,&nbsp;10138 Tallinn<\/td><\/tr><tr><td>112.<\/td><td>Pulges, Riina<\/td><td>SA T\u00dc Kliinikumi Silmakliinik<\/td><td>L.Puusepa 8,&nbsp;51014 Tartu<\/td><\/tr><tr><td>113.<\/td><td>Putnik, Mariliis<\/td><td>Kuressaare Haigla<\/td><td><\/td><\/tr><tr><td>114.<\/td><td>P\u00f5der, Kadri<\/td><td>Viljandi Maakonna Haigla<\/td><td>P\u00e4rsti v.,&nbsp;71024 Viljandimaa<\/td><\/tr><tr><td>115.<\/td><td>P\u00f5ldvee, Katrin<\/td><td>Krista Turman Silmakabinetid<\/td><td>S\u00fctiste tee 17, Tallinn<\/td><\/tr><tr><td>116.<\/td><td>P\u00e4hn, Triin<\/td><td>Krista Turman Silmakabinetid<\/td><td>S\u00fctiste tee 17, Tallinn<\/td><\/tr><tr><td>117.<\/td><td>P\u00fcrg, Katrin<\/td><td>Krista Turman Silmakabinetid<\/td><td>S\u00fctiste tee 17, Tallinn<\/td><\/tr><tr><td>118.<\/td><td>Rebane, Maris<\/td><td>SA T\u00dc Kliinikumi Silmakliinik<\/td><td>L.Puusepa 8,&nbsp;51014 Tartu<\/td><\/tr><tr><td>119.<\/td><td>Rebane, Reili<\/td><td>AS Ida-Tallinna Keskhaigla Silmakliinik<\/td><td>Ravi 18, 10138 Tallinn<\/td><\/tr><tr><td>120.<\/td><td>Rebrov, Margarita<\/td><td>Krista Turman Silmakabinetid<\/td><td>S\u00fctiste tee 17, Tallinn<\/td><\/tr><tr><td>121.<\/td><td>Reigo, Veiko<\/td><td>AS Ida-Tallinna Keskhaigla Silmakliinik<\/td><td>Ravi 18,&nbsp;10138 Tallinn<\/td><\/tr><tr><td>122.<\/td><td>Reimand, Jaan<\/td><td>Kotka Silmakabinet, JR SK O\u00dc<\/td><td>Kotka 12, 11315 Tallinn<\/td><\/tr><tr><td>123.<\/td><td>Roomets, Eva<\/td><td>AS Ida-Tallinna Keskhaigla Silmakliinik<\/td><td>Ravi 18, 10138 Tallinn<\/td><\/tr><tr><td>124.<\/td><td>Roosipuu, Nelli<\/td><td>Mehhiko<\/td><td>&nbsp;<\/td><\/tr><tr><td>125.<\/td><td>Roost, Anne<\/td><td>N\u00f5mme Silmakeskus<\/td><td>Rahu 2a, 11619 Tallinn<\/td><\/tr><tr><td>126.<\/td><td>Saarm, Raivo<\/td><td>S\u00fctiste Silmakeskus<\/td><td>&nbsp;<\/td><\/tr><tr><td>127.<\/td><td>Sadu, \u00dclle<\/td><td>AS Ida-Tallinna Keskhaigla Silmakliinik<\/td><td>Ravi 18,&nbsp;10138 Tallinn<\/td><\/tr><tr><td>128.<\/td><td>Safonova, Marina<\/td><td>SA Elva Haigla<\/td><td>Supelranna 21, 61505, Elva<\/td><\/tr><tr><td>129.<\/td><td>Sannik, Ann<\/td><td>Oftalmos O\u00dc<\/td><td>Vaablase 14, Tallinn<\/td><\/tr><tr><td>130.<\/td><td>Sein, Elo<\/td><td>Estmedica<\/td><td><\/td><\/tr><tr><td>131.<\/td><td>Sepp, Toomas<\/td><td>AS Ida-Tallinna Keskhaigla Silmakliinik<\/td><td>Ravi 18,&nbsp;10138 Tallinn<\/td><\/tr><tr><td>132.<\/td><td>Sepping, Marje<\/td><td>Pensionil<\/td><td><\/td><\/tr><tr><td>133.<\/td><td>Sigur\u00f0sson Laas, P\u00e1ll Kaarel <\/td><td>AS Ida-Tallinna Keskhaigla Silmakliinik<\/td><td>Ravi 18, 10138 Tallinn<\/td><\/tr><tr><td>134.<\/td><td>Sikk, Tea<\/td><td>Pensionil<\/td><td>&nbsp;<\/td><\/tr><tr><td>135.<\/td><td>Sologubov,&nbsp;Vitali<\/td><td>Soome <\/td><td>&nbsp;<\/td><\/tr><tr><td>136.<\/td><td>Soovere, Leili<\/td><td>Pereoptika<\/td><td>Tartu<\/td><\/tr><tr><td>137.<\/td><td>S\u00f5najalg, Katrin<\/td><td>AS Ida-Tallinna Keskhaigla Silmakliinik<\/td><td>Ravi 18, 10138 Tallinn<\/td><\/tr><tr><td>138.<\/td><td>S\u00e4re, Siret<\/td><td>P\u00e4rnu Haigla Polikliinik<\/td><td>Suur-Sepa 16,&nbsp;80018 P\u00e4rnu<\/td><\/tr><tr><td>139.<\/td><td>Zerdeva, Ljudmila<\/td><td>Narva Kliinik<\/td><td>Aasa 4,&nbsp;20605 Narva<\/td><\/tr><tr><td>140.<\/td><td>Tall, Anneli<\/td><td>Krista Turman Silmakabinetid<\/td><td>S\u00fctiste tee 17, Tallinn<\/td><\/tr><tr><td>141.<\/td><td>Tammeaid, Kadri<\/td><td>O\u00dc Dr Kai Noor Silmakabinet<\/td><td>Katusepapi 6, Tallinn<\/td><\/tr><tr><td>142.<\/td><td>Tamsalu, Mari<\/td><td>AS Ida-Tallinna Keskhaigla Silmakliinik<\/td><td>Ravi 18, 10138 Tallinn<\/td><\/tr><tr><td>143.<\/td><td>Teesalu, Pait<\/td><td>ReFocus Silmakeskus<\/td><td>Fortuuna 21a, Tartu<\/td><\/tr><tr><td>145.<\/td><td>Tein, Pille<\/td><td>Krista Turman Silmakabinetid<\/td><td>J\u00e4rve 2, Tallinn 11314<\/td><\/tr><tr><td>146.<\/td><td>Tenusar, Marika<\/td><td>Puru Haigla Silmaosakond<\/td><td>Tervise 1,&nbsp;31025 Ahtme<\/td><\/tr><tr><td>147.<\/td><td>Tikko, Carmen<\/td><td>Pensionil<\/td><td><\/td><\/tr><tr><td>148.<\/td><td>Tillmann, Karl-Erik<\/td><td>ReFocus Silmakeskus<\/td><td>Fortuuna 21a, Tartu<\/td><\/tr><tr><td>149.<\/td><td>Toming, Aap<\/td><td>SA T\u00dc Kliinikumi Silmakliinik<\/td><td>L.Puusepa 8, 51014 Tartu<\/td><\/tr><tr><td>150.<\/td><td>Tomingas, Epp<\/td><td>Tallinna Kesklinna Lastepolikliinik<\/td><td>Ravi 27,&nbsp;10138 Tallinn<\/td><\/tr><tr><td>151.<\/td><td>Tuubel, Stina<\/td><td>AS Ida-Tallinna Keskhaigla Silmakliinik<\/td><td>Ravi 18,&nbsp;10138 Tallinn<\/td><\/tr><tr><td>152.<\/td><td>Turman, Krista<\/td><td>Krista Turman Silmakabinetid<\/td><td>J\u00e4rve 2, Tallinn 11314<\/td><\/tr><tr><td>153.<\/td><td>T\u00e4ll, Martin<\/td><td>Silm\u00e4asema<\/td><td><\/td><\/tr><tr><td>154.<\/td><td>T\u0161istjakov, Maria<\/td><td>AS Ida-Tallinna Keskhaigla Silmakliinik<\/td><td>Ravi 18, 10138 Tallinn<\/td><\/tr><tr><td>155.<\/td><td>Vahtram\u00e4e, Aive<\/td><td>Krista Turman Silmakabinetid<\/td><td>J\u00e4rve 2, Tallinn 11314<\/td><\/tr><tr><td>156.<\/td><td>Valdaru, Mailis<\/td><td>N\u00f5mme Silmakeskus<\/td><td>Rahu t\u00e4nav 2 a, 11619Tallinn<\/td><\/tr><tr><td>157.<\/td><td>Varkki, Jelena<\/td><td>SA Ida-Viru Keskhaigla<\/td><td>Tervise 1, 31025 Kohtla-J\u00e4rve<\/td><\/tr><tr><td>158.<\/td><td>Vihmann, Viljar<\/td><td>Silmaarst Viljar Vihmann<\/td><td>Vabaduse 26,&nbsp;Valga<\/td><\/tr><tr><td>159.<\/td><td>Vihmann, Villem<\/td><td>SA Ida-Viru Keskhaigla<\/td><td>Tervise 1, 31025 Kohtla-J\u00e4rve<\/td><\/tr><tr><td>160.<\/td><td>Viikna, Inger Heleen<\/td><td>P\u00f5hja-Eesti Regionaalhaigla<\/td><td>Katusepapi 6, Tallinn S\u00fcstiste 19, Tallinn<\/td><\/tr><tr><td>161.<\/td><td>Virves, Marta<\/td><td>Visualis O\u00dc<\/td><td>Veski 8,&nbsp; 93813 Kuressaare<\/td><\/tr><tr><td>162.<\/td><td>Voronin, Jan<\/td><td>AS PMA<\/td><td>J\u00fcri 19a,&nbsp;65608 V\u00f5ru<\/td><\/tr><tr><td>163.<\/td><td>V\u00e4\u00e4rsi, Kadri<\/td><td>ReFocus Silmakeskus<\/td><td>Fortuuna 21a, Tartu<\/td><\/tr><tr><td><\/td><td><\/td><td><\/td><td><\/td><\/tr><\/tbody><\/table><\/figure>\n","protected":false},"excerpt":{"rendered":"<p>&nbsp; Nimi T\u00f6\u00f6koht Aadress t\u00f6\u00f6l 1. Akkel, Reet Pensionil 2. Alasi, Karin Qualitas Arstikeskus Riia 2, Tartu 3. Alev, Vilve Pensionil 4. Belova, Svetlana AS Ida-Tallinna Keskhaigla Silmakliinik Ravi 18,&nbsp;10138 Tallinn 5. Beloussova, Galina O\u00dc Silmake Lagle pst.1,&nbsp;11315 Tallinn 6. &hellip; <a href=\"https:\/\/www.eos.ee\/?page_id=69\">Continue reading <span class=\"meta-nav\">&rarr;<\/span><\/a><\/p>\n","protected":false},"author":1,"featured_media":0,"parent":15,"menu_order":1,"comment_status":"closed","ping_status":"closed","template":"sidebar-page.php","meta":{"footnotes":""},"class_list":["post-69","page","type-page","status-publish","hentry"],"_links":{"self":[{"href":"https:\/\/www.eos.ee\/index.php?rest_route=\/wp\/v2\/pages\/69","targetHints":{"allow":["GET"]}}],"collection":[{"href":"https:\/\/www.eos.ee\/index.php?rest_route=\/wp\/v2\/pages"}],"about":[{"href":"https:\/\/www.eos.ee\/index.php?rest_route=\/wp\/v2\/types\/page"}],"author":[{"embeddable":true,"href":"https:\/\/www.eos.ee\/index.php?rest_route=\/wp\/v2\/users\/1"}],"replies":[{"embeddable":true,"href":"https:\/\/www.eos.ee\/index.php?rest_route=%2Fwp%2Fv2%2Fcomments&post=69"}],"version-history":[{"count":5,"href":"https:\/\/www.eos.ee\/index.php?rest_route=\/wp\/v2\/pages\/69\/revisions"}],"predecessor-version":[{"id":2276,"href":"https:\/\/www.eos.ee\/index.php?rest_route=\/wp\/v2\/pages\/69\/revisions\/2276"}],"up":[{"embeddable":true,"href":"https:\/\/www.eos.ee\/index.php?rest_route=\/wp\/v2\/pages\/15"}],"wp:attachment":[{"href":"https:\/\/www.eos.ee\/index.php?rest_route=%2Fwp%2Fv2%2Fmedia&parent=69"}],"curies":[{"name":"wp","href":"https:\/\/api.w.org\/{rel}","templated":true}]}}