{"id":436,"date":"2015-01-06T14:06:15","date_gmt":"2015-01-06T12:06:15","guid":{"rendered":"http:\/\/www.eos.ee\/?page_id=436"},"modified":"2025-11-10T14:26:29","modified_gmt":"2025-11-10T12:26:29","slug":"list","status":"publish","type":"page","link":"https:\/\/www.eos.ee\/?page_id=436","title":{"rendered":"List"},"content":{"rendered":"<header>\n<div style=\"text-align: justify;\"><strong>Listiga liitumine<\/strong><\/div>\n<\/header>\n<div>\n<p style=\"text-align: justify;\">Eesti Oftalmoloogide Seltsi liikmetele on kiiremaks erialase info jagamiseks loodud postiloend ehk list. Tegemist on sisuliselt e-posti aadresside andmebaasiga, mis v\u00f5imaldab&nbsp;lihtsalt jagada infot paljudele inimestele, saates e-kirja \u00fchele aadressile.<\/p>\n<p style=\"text-align: justify;\">Listiga saab liituda lehel:&nbsp;<a href=\"https:\/\/lists.eenet.ee\/mailman\/listinfo\/eos\">https:\/\/lists.eenet.ee\/mailman\/listinfo\/eos<\/a><\/p>\n<h5 style=\"text-align: justify;\">Lehek\u00fclje keskel alajaotuses EOS listi tellimine tuleb t\u00e4ita \u00e4ra e-posti aadress ja nimi, ning soovi korral ka parool kaks korda. Kui parooli ei sisestata, tekitab selle s\u00fcsteem.<\/h5>\n<h5 style=\"text-align: justify;\">Seej\u00e4rel kinnitada andmed vajutades nupule \u201c<strong>Lisada kohe<\/strong>\u201c.&nbsp; P\u00e4rast liitumissoovi kinnitamist listi halduri (Mikk Pauklin) poolt, saadetakse e-posti aadressile kinnituskiri listi puudutava infoga.<\/h5>\n<h5 style=\"text-align: justify;\">Listi kirjutamiseks saatke e-kiri aadressile:&nbsp;eos[at]lists.eenet.ee. Postiloendiga liitunute kirjad saadetakse otse listi, teiste kirjad vajavad eelnevat halduri kinnitust.<\/h5>\n<\/div>\n","protected":false},"excerpt":{"rendered":"<p>Listiga liitumine Eesti Oftalmoloogide Seltsi liikmetele on kiiremaks erialase info jagamiseks loodud postiloend ehk list. Tegemist on sisuliselt e-posti aadresside andmebaasiga, mis v\u00f5imaldab&nbsp;lihtsalt jagada infot paljudele inimestele, saates e-kirja \u00fchele aadressile. Listiga saab liituda lehel:&nbsp;https:\/\/lists.eenet.ee\/mailman\/listinfo\/eos Lehek\u00fclje keskel alajaotuses EOS listi &hellip; <a href=\"https:\/\/www.eos.ee\/?page_id=436\">Continue reading <span class=\"meta-nav\">&rarr;<\/span><\/a><\/p>\n","protected":false},"author":1,"featured_media":0,"parent":60,"menu_order":4,"comment_status":"closed","ping_status":"closed","template":"","meta":{"footnotes":""},"class_list":["post-436","page","type-page","status-publish","hentry"],"_links":{"self":[{"href":"https:\/\/www.eos.ee\/index.php?rest_route=\/wp\/v2\/pages\/436","targetHints":{"allow":["GET"]}}],"collection":[{"href":"https:\/\/www.eos.ee\/index.php?rest_route=\/wp\/v2\/pages"}],"about":[{"href":"https:\/\/www.eos.ee\/index.php?rest_route=\/wp\/v2\/types\/page"}],"author":[{"embeddable":true,"href":"https:\/\/www.eos.ee\/index.php?rest_route=\/wp\/v2\/users\/1"}],"replies":[{"embeddable":true,"href":"https:\/\/www.eos.ee\/index.php?rest_route=%2Fwp%2Fv2%2Fcomments&post=436"}],"version-history":[{"count":5,"href":"https:\/\/www.eos.ee\/index.php?rest_route=\/wp\/v2\/pages\/436\/revisions"}],"predecessor-version":[{"id":1780,"href":"https:\/\/www.eos.ee\/index.php?rest_route=\/wp\/v2\/pages\/436\/revisions\/1780"}],"up":[{"embeddable":true,"href":"https:\/\/www.eos.ee\/index.php?rest_route=\/wp\/v2\/pages\/60"}],"wp:attachment":[{"href":"https:\/\/www.eos.ee\/index.php?rest_route=%2Fwp%2Fv2%2Fmedia&parent=436"}],"curies":[{"name":"wp","href":"https:\/\/api.w.org\/{rel}","templated":true}]}}