{"id":22,"date":"2015-01-05T11:18:01","date_gmt":"2015-01-05T09:18:01","guid":{"rendered":"http:\/\/www.eos.ee\/?page_id=22"},"modified":"2015-01-14T17:41:34","modified_gmt":"2015-01-14T15:41:34","slug":"taiendkursused","status":"publish","type":"page","link":"https:\/\/www.eos.ee\/?page_id=22","title":{"rendered":"T\u00e4ienduskursused"},"content":{"rendered":"<div>\n<div dir=\"ltr\"><strong>ITK t\u00e4ienduskursus oftalmoloogidele:\u00a0Reetina inetraktiivne kursus<\/strong><\/div>\n<div dir=\"ltr\">Toimub 11.05.-12.05.2015<\/div>\n<div dir=\"ltr\">ITK Silmakliinik<\/div>\n<div dir=\"ltr\">Registreerimine ja t\u00e4psem info:<\/div>\n<div dir=\"ltr\"><a href=\"http:\/\/www.itk.ee\/tervishoiutootajale\/konverentsid-ja-koolitused\/konverentside-ja-koolituste-kalender\/uus-interdistsiplinaarne-reetina-11-05-15\" target=\"_blank\">http:\/\/www.itk.ee\/<wbr \/>tervishoiutootajale\/<wbr \/>konverentsid-ja-koolitused\/<wbr \/>konverentside-ja-koolituste-<wbr \/>kalender\/uus-<wbr \/>interdistsiplinaarne-reetina-<wbr \/>11-05-15<\/a><\/div>\n<h1 class=\"entry-title\"><\/h1>\n<h1 class=\"entry-title\"><a href=\"http:\/\/www.eos.ee\/?p=707\" rel=\"bookmark\">T\u00e4ienduskursus<\/a>\u00a0<a href=\"http:\/\/www.eos.ee\/?p=707\" rel=\"bookmark\">arstidele: Reisimeditsiinist oftalmoloogi vaatevinklist. S\u00fcsteemsete infektsioonide puhune silmapatoloogia.<\/a><\/h1>\n<\/div>\n<div>Kuraator <strong>dr \u00a0Mall Parik, dr \u00a0Maris Oll<\/strong><\/div>\n<div>Toimumisaeg\u00a0 <strong>20.-21.aprill 2015<\/strong><\/div>\n<div>Toimumiskoht <strong>Tallinna T\u00dc esindus, Teatri v\u00e4ljak 3<\/strong><\/div>\n<div>Sihtgrupp: silmaarstid ja residendid<\/div>\n<div><span class=\"im\">Kursust viivad l\u00e4bi silmaarstid Mall Parik, Maris Oll, Mikk Pauklin, Imbi Kuus, Aleks Kree, Andres K\u00fclama ja Laura Lillsaar. Lisaks on plaanis kolm loengut infektsionistide poolt. HIV-infektsioonist r\u00e4\u00e4gib dr Pilleriin Soodla Tartust, borrelioosist ja reisimeditsiinilisest n\u00f5ustamisest ning vaktsineerimisest Tallinna kolleegid Merimetsa Haiglast.<\/span><\/div>\n<div><\/div>\n<div>Kursuse temaatika: 1. Eestis ja mujal enamesinevate infektsioonide puhune silmapatoloogia (parasitaarhaigused, s\u00e4\u00e4skede jt. putukatega levivad haigused). 2. Ekstreemoludes matkaja ja lennureisiga kaasuvad n\u00e4gemisprobleemid. 3. Reisimeditsiiniline n\u00f5ustamine, vaktsineerimine. 4. HIV infektsioon, olukord Eestis ja mujal. AIDS ja silm.<\/div>\n<div><\/div>\n<div><strong>Kursusele registreerimine:<\/strong> <a href=\"http:\/\/www.kliinikum.ee\/koolitus\/index2015.asp?eriala=Silmahaigused\" target=\"_blank\">http:\/\/www.kliinikum.ee\/<wbr \/>koolitus\/index2015.asp?eriala=<wbr \/>Silmahaigused<\/a><\/div>\n<p>&nbsp;<\/p>\n<p>ITK t\u00e4ienduskursus \u201cUveiit\u201d 21.\u201322.04.2014 <a href=\"http:\/\/www.itk.ee\/tervishoiutootajale\/konverentsid-ja-koolitused\/konverentside-ja-koolituste-kalender\/uus-uveiit-21-22-04-14\/\">Kava<\/a><\/p>\n<p>&nbsp;<\/p>\n<p>ITK lasteoftalmoloogia ja strabismi kursus 12.\u201313.05.2014. Kava:\u00a0<a href=\"http:\/\/www.eos.ee\/wp-content\/uploads\/2014\/01\/KURSUS-2014-mai.pdf\">KURSUS-2014-mai<\/a><a href=\"http:\/\/www.eos.ee\/wp-content\/uploads\/2013\/02\/KURSUS-2014-mai.docx\"><br \/>\n<\/a><\/p>\n<p>&nbsp;<\/p>\n<p>ITK lasteoftalmoloogia ja strabismi kursus 06.\u201307.05.2013 <a href=\"http:\/\/www.eos.ee\/wp-content\/uploads\/2013\/02\/Kava.doc\">Kava<\/a><\/p>\n<p>&nbsp;<\/p>\n<p><b>Aastal 2014 toimuvad oftalmoloogia t\u00e4iendkursused<\/b><\/p>\n<p align=\"center\"><b><a href=\"http:\/\/www.kliinikum.ee\/silmakliinik\/index.php?option=com_content&amp;view=article&amp;id=10&amp;Itemid=23\" target=\"_blank\">SA Tartu \u00dclikooli Kliinikumi Silmakliinik<\/a><\/b><\/p>\n<p align=\"center\"><a href=\"http:\/\/www.itk.ee\/index.php?page=291&amp;sihtryhm=10\">Ida-Tallinna Keskhaigla Silmakliinik<\/a><\/p>\n<p>&nbsp;<\/p>\n","protected":false},"excerpt":{"rendered":"<p>ITK t\u00e4ienduskursus oftalmoloogidele:\u00a0Reetina inetraktiivne kursus Toimub 11.05.-12.05.2015 ITK Silmakliinik Registreerimine ja t\u00e4psem info: http:\/\/www.itk.ee\/tervishoiutootajale\/konverentsid-ja-koolitused\/konverentside-ja-koolituste-kalender\/uus-interdistsiplinaarne-reetina-11-05-15 T\u00e4ienduskursus\u00a0arstidele: Reisimeditsiinist oftalmoloogi vaatevinklist. S\u00fcsteemsete infektsioonide puhune silmapatoloogia. Kuraator dr \u00a0Mall Parik, dr \u00a0Maris Oll Toimumisaeg\u00a0 20.-21.aprill 2015 Toimumiskoht Tallinna T\u00dc esindus, Teatri v\u00e4ljak 3 Sihtgrupp: &hellip; <a href=\"https:\/\/www.eos.ee\/?page_id=22\">Continue reading <span class=\"meta-nav\">&rarr;<\/span><\/a><\/p>\n","protected":false},"author":1,"featured_media":0,"parent":26,"menu_order":2,"comment_status":"closed","ping_status":"closed","template":"sidebar-page.php","meta":{"footnotes":""},"class_list":["post-22","page","type-page","status-publish","hentry"],"_links":{"self":[{"href":"https:\/\/www.eos.ee\/index.php?rest_route=\/wp\/v2\/pages\/22","targetHints":{"allow":["GET"]}}],"collection":[{"href":"https:\/\/www.eos.ee\/index.php?rest_route=\/wp\/v2\/pages"}],"about":[{"href":"https:\/\/www.eos.ee\/index.php?rest_route=\/wp\/v2\/types\/page"}],"author":[{"embeddable":true,"href":"https:\/\/www.eos.ee\/index.php?rest_route=\/wp\/v2\/users\/1"}],"replies":[{"embeddable":true,"href":"https:\/\/www.eos.ee\/index.php?rest_route=%2Fwp%2Fv2%2Fcomments&post=22"}],"version-history":[{"count":5,"href":"https:\/\/www.eos.ee\/index.php?rest_route=\/wp\/v2\/pages\/22\/revisions"}],"predecessor-version":[{"id":791,"href":"https:\/\/www.eos.ee\/index.php?rest_route=\/wp\/v2\/pages\/22\/revisions\/791"}],"up":[{"embeddable":true,"href":"https:\/\/www.eos.ee\/index.php?rest_route=\/wp\/v2\/pages\/26"}],"wp:attachment":[{"href":"https:\/\/www.eos.ee\/index.php?rest_route=%2Fwp%2Fv2%2Fmedia&parent=22"}],"curies":[{"name":"wp","href":"https:\/\/api.w.org\/{rel}","templated":true}]}}