{"id":19,"date":"2024-10-15T08:55:04","date_gmt":"2024-10-15T05:55:04","guid":{"rendered":"http:\/\/www.eos.ee\/?page_id=19"},"modified":"2024-10-15T08:56:14","modified_gmt":"2024-10-15T05:56:14","slug":"pohikiri","status":"publish","type":"page","link":"https:\/\/www.eos.ee\/?page_id=19","title":{"rendered":"P\u00f5hikiri"},"content":{"rendered":"\n<p><\/p>\n\n\n\n<ol class=\"wp-block-list\">\n<li>\u00dclds\u00e4tted<br>1.1. Mittetulundus\u00fching Eesti Oftalmoloogide Selts (edaspidi ka \u00dching) on f\u00fc\u00fcsiliste ja juriidiliste isikute \u00fchiskondlik, vabatahtlik, demokraatlikel p\u00f5him\u00f5tetel tegutsev mittetulundus\u00fching.<br>1.2. \u00dchingu tegevus rajaneb tema asutajate ning liikmete algatusel ja \u00fchisel tegutsemisel, \u00fchingu juhtkonna valitavusel ja valitud juhtide regulaarsel aruandlusel \u00dchingu liikmete ees.<br>1.3. \u00dching teeb koost\u00f6\u00f6d riigi-, omavalitsus-, teadus- ja kultuuriasutustega, \u00fchiskondlike organisatsioonide ja liikumistega, loominguliste liitudega, samuti muude \u00dchingu tegevusest huvitatud asutuste, ettev\u00f5tete ja organisatsioonidega ning eraisikutega Eesti Vabariigis ja teistes riikides.<br>1.4. \u00dching on era\u00f5iguslik juriidiline isik.<br>1.5. \u00dchingul on oma s\u00fcmboolika.<br>1.6. \u00dchingu ametlikuks nimetuseks on:<br>1.6.1. eesti keeles: mittetulundus\u00fching Eesti Oftalmoloogide Selts;<br>1.6.2. inglise keeles: Estonian Society of Ophthalmology.<br>1.7. \u00dchingu asukohaks on Eesti Vabariik.<br>1.8. \u00dchingu majandusaasta algab 1. jaanuaril ja l\u00f5peb 31. detsembril.<\/li>\n\n\n\n<li>\u00dchingu eesm\u00e4rgid ja tegevussuunad<br>2.1. \u00dchingu eesm\u00e4rgiks on Eesti oftalmoloogide \u00fchendamine ja nende \u00fchiste huvide esindamine.<br>2.2. \u00dchingu tegevuse p\u00f5hisuunad on:<br>2.2.1. \u00dchingu liikmete huvide esindamine ja kaitsmine riigiv\u00f5imu- ja valitsemisorganites, suhetes teiste juriidiliste ja f\u00fc\u00fcsiliste isikutega;<br>2.2.2. \u00dchingu liikmete esindamine suhetes muude organisatsioonide ja \u00fchendustega nii Eesti Vabariigis kui ka v\u00e4lismaal;<br>2.2.3. oftalmoloogia kui eriala arendamine;<br>2.2.4. oftalmoloogia arengukontseptsiooni v\u00e4ljat\u00f6\u00f6tamine arvestades Eesti Vabariigi vajadusi;<br>2.2.5. oftalmoloogia-alase informatsiooni kogumine ja levitamine, s.h. reklaami- ja muude tr\u00fckiste v\u00e4ljaandmine ja levitamine;<br>2.2.6. oftalmoloogide kvalifikatsiooni t\u00f5stmine ja teadust\u00f6\u00f6 stimuleerimine, vajadusel silmaarstide p\u00e4devushindamine;<br>2.2.7. ravit\u00f6\u00f6 metoodika koordineerimine silmaarstide erialase t\u00f6\u00f6 t\u00f5hustamiseks;<br>2.2.8. t\u00e4ienduskoolituste korraldamine;<br>2.2.9. \u00dchingu liikmete poolt Eesti arstieetika koodeksi t\u00e4itmise j\u00e4lgimine.<br>2.3. \u00dching teeb koost\u00f6\u00f6d Eesti Vabariigi ja teiste riikide samalaadsete \u00fchendustega.<br>2.4. \u00dching v\u00f5ib v\u00e4lja anda ja avaldada oma tegevust kajastavaid s\u00f5numeid tr\u00fckis, samuti avaldada reklaambuklette ja muud vastavat kirjandust.<br>2.5. \u00dching v\u00f5ib korraldada oma p\u00f5hikirjaliste eesm\u00e4rkide saavutamiseks \u00dchingu p\u00f5hikirja ja kehtivate \u00f5igusaktidega koosk\u00f5las olevaid \u00fcritusi.<br>2.6. \u00dchingu eesm\u00e4rgiks ega p\u00f5hitegevuseks ei ole majandustegevuse kaudu tulu saamine. \u00dchingu tulu v\u00f5ib kasutada \u00fcksnes p\u00f5hikirjaliste eesm\u00e4rkide saavutamiseks. \u00dching ei jaota kasumit oma liikmete vahel.<br>2.7. \u00dching v\u00f5ib omada k\u00f5iki tsiviil\u00f5igusi ja kanda k\u00f5iki tsiviilkohustusi, mis on omased juriidilisele isikule. \u00dching vastutab oma kohustuste eest kogu oma varaga.<\/li>\n\n\n\n<li>\u00dchingu liikmed<br>3.1. \u00dchinguga v\u00f5ivad \u00fchineda k\u00f5ik f\u00fc\u00fcsilised ja juriidilised isikud, kes vastavad \u00dchingu p\u00f5hikirja n\u00f5uetele ja tunnustavad \u00dchingu p\u00f5hikirja. Juriidilisest isikust \u00dchingu liiget esindab suhetes \u00dchinguga selle juht v\u00f5i juhi (juhtorgani) poolt nimetatud liikme esindamiseks t\u00e4ielikke volitusi omav isik.<br>3.2. \u00dchingu liikmeskonna moodustavad \u00dchingu liikmed, noorliikmed ja auliikmed. Juhatus korraldab mittetulundus\u00fchingu liikmete arvestust.<br>3.3. \u00dchingu liikmeks astuda sooviv isik esitab selleks \u00dchingu juhatusele kirjaliku sooviavalduse. \u00dchingu liikmeks vastuv\u00f5tmise otsustab \u00dchingu liikmete \u00fcldkoosolek. Isik saab \u00dchingu liikmeks \u00fcldkoosoleku otsuse alusel p\u00e4rast esimese liikmemaksu tasumist.<br>3.4. Noorliige on oftalmoloogia eriala omandav arst. Noorliikmeks vastuv\u00f5tmine toimub \u00dchingu juhatusele esitatud kirjaliku sooviavalduse alusel \u00dchingu liikmete \u00fcldkoosoleku poolt. Noorliikme liikmemaks moodustab 1\/2 \u00dchingu liikmele kehtestatud liikmemaksu suurusest. Muus osas on noorliikmel \u00dchingu liikmega v\u00f5rdsed \u00f5igused ja kohustused.<br>3.5. Auliige on \u00dchingu \u00fcldkoosolekul selleks Eesti oftalmoloogias osutatud eriliste teenete eest valitud isik. Auliikmeks valimine ei eelda eelnevat \u00dchingu liikmeks olemist. Auliikmel on \u00dchingu liikmega v\u00f5rdsed \u00f5igused.<br>3.6. \u00dchingu liikmel on \u00f5igus igal ajal juhatusele esitatava kirjaliku avalduse alusel \u00dchingust v\u00e4lja astuda.<br>3.7. Liige heidetakse \u00fcldkoosoleku otsuse alusel \u00dchingust v\u00e4lja:<br>3.7.1. kui ta ei t\u00e4ida p\u00f5hikirjas s\u00e4testatud kohustusi;<br>3.7.2. kui ta tekitab \u00dchingule otseselt v\u00f5i kaudselt varalist v\u00f5i mittevaralist kahju;<br>3.7.3. muul m\u00f5juval p\u00f5hjusel.<br>3.8. \u00dchingu liikmel on \u00f5igus igal ajal juhatusele esitatava kirjaliku avalduse alusel peatada liikmesus \u00dchingus. Juhatus peatab avalduse esitanud liikme liikmesuse maksimaalselt kuni kolmeks aastaks. Avalduse liikmesuse peatamiseks v\u00f5ib \u00dchingu liige esitada korduvalt.<br>3.9. Juhatusel on \u00f5igus peatada \u00dchingu liikme liikmesus, kui \u00dchingu liige on liikmemaksu tasumisega viivituses enam kui kaks (2) aastat, samuti juhul, kui \u00dchingu liige ei ole osalenud kahel j\u00e4rjestikusel<br>kalendriaastal \u00dchingu liikmete \u00fcldkoosolekutel. Juhatus saadab v\u00f5imalusel \u00dchingu liikmele teavituse tema liikmesuse peatamise kohta.<br>3.10. \u00dchingu liikme, kelle liikmesus on peatatud, liikmesus taastub viivitamatult p\u00e4rast liikmemaksu tasumist v\u00f5i \u00dchingu liikmete \u00fcldkoosolekule registreerimisest. Juhul kui liikmesust ei taastata kahe (2) aasta jooksul alates liikmesuse peatamisest, on juhatusel \u00f5igus \u00dchingu liige \u00dchingust v\u00e4lja arvata.<br>3.11. \u00dchingust v\u00e4lja astunud v\u00f5i v\u00e4lja arvatud liikmel on \u00f5igus uuesti \u00dchingu liikmeks astuda p\u00f5hikirjas s\u00e4testatud korras.<\/li>\n\n\n\n<li>\u00dchingu liikmete \u00f5igused<br>4.1. \u00dchingu liikmetel on \u00f5igus:<br>4.1.1. kandideerida ja esitada \u00dchingu liikmete hulgast kanditaate \u00dchingu juhtorganite ja teiste organite valmimisel;<br>4.1.2. osaleda \u00dchingu ning valituks osutumise korral \u00dchingu organite t\u00f6\u00f6s;<br>4.1.3. esitada \u00dchingu organitele ettepanekuid ja arup\u00e4rimisi;<br>4.1.4. osaleda \u00dchingu poolt korraldatavatel \u00fcritustel;<br>4.1.5. kasutada \u00dchingu s\u00fcmboolikat vastavalt \u00dchingu juhatuse poolt antud juhistele;<br>4.1.6. tutvuda \u00dchingu dokumentatsiooniga.<\/li>\n\n\n\n<li>\u00dchingu liikmete kohustused<br>5.1. \u00dchingu liikmed on kohustatud:<br>5.1.1. t\u00e4itma \u00dchingu p\u00f5hikirja;<br>5.1.2. t\u00e4itma \u00dchingu juhatuse otsuseid ja seaduslikke korraldusi, samuti teiste \u00dchingu organite otsuseid;<br>5.1.3. tasuma liikmemaksu ja teisi makseid, mis on kehtestatud koosk\u00f5las \u00dchingu p\u00f5hikirja ja kehtivate \u00f5igusaktidega. \u00dchingu auliikmetel ja pensioneerunud liikmetel ei ole liikmemaksu tasumise kohustust;<br>5.1.4. l\u00e4htuma \u00dchingu p\u00f5hikirjaga reguleerimata k\u00fcsimustes kehtivast \u00f5iguskorrast ja Eesti arstieetika koodeksist;<br>5.1.5. teavitama \u00dchingu juhatust viivitamatult enda pensioneerumisest.<br>5.2. \u00dcldkoosolek v\u00f5i \u00fcldkoosoleku poolt volituse saanud \u00dchingu organ v\u00f5i kehtestada \u00dchingu liikmetele t\u00e4iendavaid kohustusi.<\/li>\n\n\n\n<li>\u00dchingu juhtimine<br>6.1. \u00dchingu k\u00f5rgeimaks organiks on tema liikmete \u00fcldkoosolek.<br>6.2. \u00dchingu liikmete koosoleku kutsub kokku \u00dchingu juhatus v\u00e4hemalt \u00fcks kord aastas. \u00dcldkoosoleku kokkukutsumisest tuleb teavitada v\u00e4hemalt \u00fcks kuu enne \u00dcldkoosoleku toimumist. \u00dcldkoosoleku kokkukutsumise teade avaldatakse \u00fchingu veebilehel ning saadetakse \u00dchingu liikmete teadaolevatel e-posti aadressidel.<br>6.3. Juhatus peab \u00fcldkoosoleku kokku kutsuma, kui seda n\u00f5uab kirjalikult ja p\u00f5hjust \u00e4ra n\u00e4idates v\u00e4hemalt 1\/10 mittetulundus\u00fchingu liikmetest. Sellisel juhul tuleb \u00fcldkoosoleku kokkukutsumisest ette teatada v\u00e4hemalt kaks n\u00e4dalat.<br>6.4. \u00dcldkoosolek on p\u00e4dev vastu v\u00f5tma otsuseid kui sellel on esindatud \u00fcle poole \u00dchingu liikmetest. Kvoorumi hulka ei loeta \u00dchingu liikmeid, kelle liikmesus on kehtivalt peatatud.<br>6.5. Juhul, kui \u00fcldkoosolek ei ole otsustusv\u00f5imeline, kutsub juhatus \u00fche kuu jooksul kokku sama p\u00e4evakorraga uue \u00fcldkoosoleku. Uus \u00fcldkoosolek on otsustusv\u00f5imeline, kui \u00fcldkoosolekul osaleb v\u00e4hemalt kaksk\u00fcmmend (20) \u00dchingu liiget.<br>6.6. Igal \u00dchingu liikmel on \u00fcldkoosolekul \u00fcks h\u00e4\u00e4l. \u00dcldkoosolekul v\u00f5ib osaleda ja h\u00e4\u00e4letada \u00dchingu liikme kirjaliku volituse alusel tema esindaja.<br>6.7. \u00dcldkoosoleku otsus loetakse vastuv\u00f5etuks, kui selle poolt h\u00e4\u00e4letab v\u00e4hemalt 2\/3 (kaks kolmandikku) koosolekul osalenud \u00dchingu liikmetest.<br>6.8. \u00dchingu liikmetel on \u00f5igus vastu v\u00f5tta otsuseid \u00fcldkoosolekut kokku kutsumata. Otsuse vastuv\u00f5tmiseks \u00fcldkoosolekut kokku kutsumata saadab juhatus otsus(t)e eeln\u00f5u(d) kirjalikku taasesitamist v\u00f5imaldavas vormis k\u00f5igile \u00dchingu liikmetele, m\u00e4\u00e4rates t\u00e4htaja, mille jooksul liige peab esitama selle kohta oma seisukoha kirjalikku taasesitamist v\u00f5imaldavas vormis. Liikmetele seisukoha andmiseks antav t\u00e4htaeg peab olema v\u00e4hemalt seitse p\u00e4eva. H\u00e4\u00e4letustulemuste kohta koostab juhatus h\u00e4\u00e4letusprotokolli ja saadab selle viivitamata liikmetele. Otsus on vastu v\u00f5etud, kui selle poolt on antud \u2154 (kaks kolmandikku) h\u00e4\u00e4le\u00f5iguslikest \u00dchingu liikmetest.<br>6.9. \u00dcldkoosolek:<br>6.9.1. kinnitab \u00dchingu p\u00f5hikirjalised tegevussuunad ja vormid;<br>6.9.2. kinnitab juhatuse liikmete arvu ja valib \u00dchingu juhatuse;<br>6.9.3. kinnitab majandusaasta aruande;<br>6.9.4. kinnitab liikmemaksu suuruse;<br>6.9.5. teeb muudatusi \u00dchingu p\u00f5hikirjas ja kinnitab uue p\u00f5hikirja;<br>6.9.6. kuulab \u00e4ra \u00dchingu juhatuse aruanded \u00dchingu tegevuse kohta;<br>6.9.7. kinnitab \u00dchingu aastaeelarve ja selle t\u00e4itmise aruande;<br>6.9.8. otsustab \u00dchingu tegevuse l\u00f5petamise;<br>6.9.9. valib likvideerijad;<br>6.9.10. annab juhatusele v\u00f5i m\u00f5nele teisele \u00dchingu organile vajalikud volitused;<br>6.9.11. v\u00f5tab vastu otsuseid \u00dchingu tegevust puudutavates k\u00fcsimustes.<br>6.10. \u00dchingul on 5-7 liikmeline juhatus, mis esindab ja juhib \u00dchingut.<br>6.11. Juhatuse liige valitakse t\u00e4htajaliselt kuni kolmeks aastaks.<br>6.12. Juhatus juhib \u00dchingu t\u00f6\u00f6d \u00fcldkoosolekute vahelisel ajal. \u00dcldkoosoleku otsused on juhatusele t\u00e4itmiseks kohustuslikud.<br>6.13. Juhatuse t\u00f6\u00f6d juhib \u00fcldkoosoleku poolt kolmeks aastaks valitud president, kelleks on juhatuse valimisel enim h\u00e4\u00e4li saanud \u00dchingu liige. Juhul, kui \u00fcldkoosolekul juhatuse valimisel enim h\u00e4\u00e4li saanud juhatuse liige ei saa tulenevalt p\u00f5hikirjalisest piirangust olla \u00fchingu president v\u00f5i sellest loobub, on \u00dchingu presidendiks juhatuse valimistel paremuselt j\u00e4rgmise tulemusega \u00dchingu<br>juhatusse valitud isik. Juhatuse liige v\u00f5ib olla presidendina ametis kahel j\u00e4rjestikusel ametiajal j\u00e4rjest, kuid kokku mitte enam kui kolmel korral.<br>6.14. Juhatus:<br>6.14.1. koostab \u00dchingu aastaeelarve ja esitab selle kinnitamiseks \u00dchingu \u00fcldkoosolekule;<br>6.14.2. kontrollib \u00dchingu rahaliste vahendite kasutamist;<br>6.14.3. korraldab \u00dchingu raamatupidamist;<br>6.14.4. annab oma tegevusest aru \u00dchingu \u00fcldkoosolekule;<br>6.14.5. s\u00f5lmib \u00dchingu nimel lepinguid;<br>6.14.6. kinnitab k\u00f5ik \u00dchingu sisemist tegevust reglementeerivad eeskirjad ja juhendid (ametijuhendid, reglemendid jne.);<br>6.14.7. kutsub kokku \u00dchingu liikmete \u00fcldkoosoleku vastavuses p\u00f5hikirja ja kehtiva \u00f5igusega;<br>6.14.8. esindab \u00dchingut suhetes teiste f\u00fc\u00fcsiliste ja juriidiliste isikutega nii Eesti Vabariigis kui ka teistes riikides.<br>6.15. Juhatuse t\u00f6\u00f6vormiks on koosolek. Juhatuse koosoleku kutsub kokku \u00dchingu president vastavalt vajadusele, kuid mitte harvem kui kord kvartalis.<br>6.16. Juhatuse koosolek on otsustusv\u00f5imeline, kui sellel \u00fcle poole juhatuse liikmete otsustamises osalemisel. Juhatuse otsus on vastu v\u00f5etud, kui otsuse poolt on antud \u00fcle poole koosolekul osalenud juhatuse liikmete h\u00e4\u00e4ltest. H\u00e4\u00e4lte v\u00f5rdse jagunemise korral on otsustav h\u00e4\u00e4l presidendil.<br>6.17. Juhatus peab andma mittetulundus\u00fchingu liikmetele vajalikku teavet juhtimise kohta ja esitama nende n\u00f5udel vastava aruande.<br>6.18. \u00dchingut v\u00f5ib k\u00f5igis \u00f5igustoimingutes esindada iga juhatuse liige.<\/li>\n\n\n\n<li>\u00dchingu vara<br>7.1. \u00dchingu varaks on \u00dchingule kuuluvad materiaalsed v\u00e4\u00e4rtused ja rahalised vahendid, mille moodustavad:<br>7.1.1. sisseastumis- ja liikmemaksud;<br>7.1.2. juriidiliste ja \u00fcksikisikute vabatahtlikest annetustest saadud tulu;<br>7.1.3. muud laekumised.<br>7.2. \u00dchingul on oma pangaarve.<br>7.3. \u00dchingu vara kasutatakse:<br>7.3.1. \u00dchingu t\u00f6\u00f6 korraldamiseks;<br>7.3.2. lepinguliste kohustuste t\u00e4itmiseks;<br>7.3.3. p\u00f5hivahendite ja muu vara soetamiseks;<br>7.3.4. vajadusel sihtotstarbeliste ja erifondide moodustamiseks;<br>7.3.5. juhatuse otsuse alusel \u00dchingu liikmetele materiaalse abi osutamiseks.<br>7.4. \u00dchingu vara kasutamise \u00fcle peab arvestust \u00dchingu juhatus.<\/li>\n\n\n\n<li>\u00dchingu tegevuse l\u00f5petamine<br>8.1. \u00dchingu tegevuse l\u00f5petamise otsustab \u00dchingu \u00fcldkoosolek. Vastav otsus loetakse vastuv\u00f5etuks, kui selle poolt h\u00e4\u00e4letab v\u00e4hemalt \u00be (kolm neljandikku) \u00dchingu liikmetest.<br>8.2. \u00dchingu tegevuse l\u00f5petamise otsuse vastuv\u00f5tmisel valib \u00fcldkoosolek \u00dchingu likvideerijad, kes l\u00f5petavad \u00dchingu tegevuse Eesti Vabariigi \u00f5igusaktidega s\u00e4testatud korras.<br>8.3. P\u00e4rast v\u00f5lausaldajate k\u00f5igi n\u00f5uete rahuldamist v\u00f5i tagamist ja raha hoiustamist jaotatakse allesj\u00e4\u00e4nud vara jaotatakse \u00dchingu vara v\u00f5rdsetes osades mittetulundus\u00fchingu l\u00f5petamise ajal selle liikmeteks olnud isikute vahel.<br>8.4. Kui vara ei saa jaotada p\u00f5hikirja p 8.3. alusel, l\u00e4heb vara \u00fcle riigile, kes peab seda kasutama v\u00f5imalikult mittetulundus\u00fchingu eesm\u00e4rkidele vastavalt.<br><\/li>\n<\/ol>\n\n\n\n<p>P\u00f5hikirja uus redaktsioon on vastu v\u00f5etud 24.05.2024 toimunud Eesti Oftalmoloogide Seltsi liikmete \u00fcldkoosolekul T\u00f5rva vallas, Valgamaal.<\/p>\n","protected":false},"excerpt":{"rendered":"<p>P\u00f5hikirja uus redaktsioon on vastu v\u00f5etud 24.05.2024 toimunud Eesti Oftalmoloogide Seltsi liikmete \u00fcldkoosolekul T\u00f5rva vallas, Valgamaal.<\/p>\n","protected":false},"author":1,"featured_media":0,"parent":996,"menu_order":1,"comment_status":"closed","ping_status":"closed","template":"sidebar-page.php","meta":{"footnotes":""},"class_list":["post-19","page","type-page","status-publish","hentry"],"_links":{"self":[{"href":"https:\/\/www.eos.ee\/index.php?rest_route=\/wp\/v2\/pages\/19","targetHints":{"allow":["GET"]}}],"collection":[{"href":"https:\/\/www.eos.ee\/index.php?rest_route=\/wp\/v2\/pages"}],"about":[{"href":"https:\/\/www.eos.ee\/index.php?rest_route=\/wp\/v2\/types\/page"}],"author":[{"embeddable":true,"href":"https:\/\/www.eos.ee\/index.php?rest_route=\/wp\/v2\/users\/1"}],"replies":[{"embeddable":true,"href":"https:\/\/www.eos.ee\/index.php?rest_route=%2Fwp%2Fv2%2Fcomments&post=19"}],"version-history":[{"count":5,"href":"https:\/\/www.eos.ee\/index.php?rest_route=\/wp\/v2\/pages\/19\/revisions"}],"predecessor-version":[{"id":2003,"href":"https:\/\/www.eos.ee\/index.php?rest_route=\/wp\/v2\/pages\/19\/revisions\/2003"}],"up":[{"embeddable":true,"href":"https:\/\/www.eos.ee\/index.php?rest_route=\/wp\/v2\/pages\/996"}],"wp:attachment":[{"href":"https:\/\/www.eos.ee\/index.php?rest_route=%2Fwp%2Fv2%2Fmedia&parent=19"}],"curies":[{"name":"wp","href":"https:\/\/api.w.org\/{rel}","templated":true}]}}